{"id":843,"date":"2023-08-23T10:49:43","date_gmt":"2023-08-23T08:49:43","guid":{"rendered":"https:\/\/modtel.travelerwp.com\/?page_id=843"},"modified":"2023-08-23T23:04:07","modified_gmt":"2023-08-23T21:04:07","slug":"preguntas-frecuentes","status":"publish","type":"page","link":"https:\/\/hotelesmariaisabel.com\/en\/preguntas-frecuentes\/","title":{"rendered":"Frequently Asked Questions"},"content":{"rendered":"<div data-elementor-type=\"wp-page\" data-elementor-id=\"843\" class=\"elementor elementor-843\">\n\t\t\t\t<div class=\"elementor-element elementor-element-8bb2173 e-flex e-con-boxed e-con e-parent\" data-id=\"8bb2173\" data-element_type=\"container\" data-e-type=\"container\">\n\t\t\t\t\t<div class=\"e-con-inner\">\n\t\t\t\t<div class=\"elementor-element elementor-element-00fa535 elementor-widget elementor-widget-heading\" data-id=\"00fa535\" data-element_type=\"widget\" data-e-type=\"widget\" data-widget_type=\"heading.default\">\n\t\t\t\t<div class=\"elementor-widget-container\">\n\t\t\t\t\t<h2 class=\"elementor-heading-title elementor-size-default\">Frequently Asked Questions<\/h2>\t\t\t\t<\/div>\n\t\t\t\t<\/div>\n\t\t\t\t\t<\/div>\n\t\t\t\t<\/div>\n\t\t\t\t<section class=\"elementor-section elementor-inner-section elementor-element elementor-element-16f68bb elementor-section-boxed elementor-section-height-default elementor-section-height-default\" data-id=\"16f68bb\" data-element_type=\"section\" data-e-type=\"section\">\n\t\t\t\t\t\t<div class=\"elementor-container elementor-column-gap-default\">\n\t\t\t\t\t<div class=\"elementor-column elementor-col-100 elementor-inner-column elementor-element elementor-element-7ed3330b\" data-id=\"7ed3330b\" data-element_type=\"column\" data-e-type=\"column\">\n\t\t\t<div class=\"elementor-widget-wrap elementor-element-populated\">\n\t\t\t\t\t\t<div class=\"elementor-element elementor-element-51814d95 elementor-widget elementor-widget-st_faq\" data-id=\"51814d95\" data-element_type=\"widget\" data-e-type=\"widget\" data-widget_type=\"st_faq.default\">\n\t\t\t\t<div class=\"elementor-widget-container\">\n\t\t\t\t\t<div class=\"accordion faq style1\" id=\"accordion_reservas\">\r\n    <div class=\"accordion-item\">\r\n        <h2 class=\"accordion-header\" id=\"heading_reservas\">\r\n            <button class=\"accordion-button   collapsed\" \r\n                type=\"button\" \r\n                data-bs-toggle=\"collapse\" \r\n                data-bs-target=\"#reservas\" \r\n                aria-expanded=\"false\" \r\n                aria-controls=\"reservas\"\r\n            >\r\n                Bookings            <\/button>\r\n        <\/h2>\r\n        <div id=\"reservas\" class=\"accordion-collapse collapse\" \r\n            aria-labelledby=\"heading_reservas\" \r\n            data-bs-parent=\"#accordion_reservas\"\r\n        >\r\n            <div class=\"accordion-body\">\r\n                To check availability, pricing, and make a reservation, you can visit:\nhttps:\/\/reservas.hotelesmariaisabel.com             <\/div>\r\n        <\/div>\r\n    <\/div>\r\n<\/div>\r\n\t\t\t\t<\/div>\n\t\t\t\t<\/div>\n\t\t\t\t<div class=\"elementor-element elementor-element-2a30987b elementor-widget elementor-widget-st_faq\" data-id=\"2a30987b\" data-element_type=\"widget\" data-e-type=\"widget\" data-widget_type=\"st_faq.default\">\n\t\t\t\t<div class=\"elementor-widget-container\">\n\t\t\t\t\t<div class=\"accordion faq style1\" id=\"accordion_eventos\">\r\n    <div class=\"accordion-item\">\r\n        <h2 class=\"accordion-header\" id=\"heading_eventos\">\r\n            <button class=\"accordion-button   collapsed\" \r\n                type=\"button\" \r\n                data-bs-toggle=\"collapse\" \r\n                data-bs-target=\"#eventos\" \r\n                aria-expanded=\"false\" \r\n                aria-controls=\"eventos\"\r\n            >\r\n                Events?            <\/button>\r\n        <\/h2>\r\n        <div id=\"eventos\" class=\"accordion-collapse collapse\" \r\n            aria-labelledby=\"heading_eventos\" \r\n            data-bs-parent=\"#accordion_eventos\"\r\n        >\r\n            <div class=\"accordion-body\">\r\n                You can write to us via WhatsApp to coordinate your event: +(503) 7769-5145            <\/div>\r\n        <\/div>\r\n    <\/div>\r\n<\/div>\r\n\t\t\t\t<\/div>\n\t\t\t\t<\/div>\n\t\t\t\t<div class=\"elementor-element elementor-element-0d812f6 elementor-widget elementor-widget-st_faq\" data-id=\"0d812f6\" data-element_type=\"widget\" data-e-type=\"widget\" data-widget_type=\"st_faq.default\">\n\t\t\t\t<div class=\"elementor-widget-container\">\n\t\t\t\t\t<div class=\"accordion faq style1\" id=\"accordion_donde-estamos-ubicados\">\r\n    <div class=\"accordion-item\">\r\n        <h2 class=\"accordion-header\" id=\"heading_donde-estamos-ubicados\">\r\n            <button class=\"accordion-button   collapsed\" \r\n                type=\"button\" \r\n                data-bs-toggle=\"collapse\" \r\n                data-bs-target=\"#donde-estamos-ubicados\" \r\n                aria-expanded=\"false\" \r\n                aria-controls=\"donde-estamos-ubicados\"\r\n            >\r\n                Where are we located?            <\/button>\r\n        <\/h2>\r\n        <div id=\"donde-estamos-ubicados\" class=\"accordion-collapse collapse\" \r\n            aria-labelledby=\"heading_donde-estamos-ubicados\" \r\n            data-bs-parent=\"#accordion_donde-estamos-ubicados\"\r\n        >\r\n            <div class=\"accordion-body\">\r\n                Hotel Mar\u00eda Isabel is strategically located between Ataco and Apaneca. We are 31 km from El Imposible National Park and 70 km from Cerro Verde National Park. Our address is: Jardines de Germania II, #19 Calle a Jujutla, Concepci\u00f3n de Ataco, Ahuachap\u00e1n, El Salvador.            <\/div>\r\n        <\/div>\r\n    <\/div>\r\n<\/div>\r\n\t\t\t\t<\/div>\n\t\t\t\t<\/div>\n\t\t\t\t<div class=\"elementor-element elementor-element-b6d89dc elementor-widget elementor-widget-st_faq\" data-id=\"b6d89dc\" data-element_type=\"widget\" data-e-type=\"widget\" data-widget_type=\"st_faq.default\">\n\t\t\t\t<div class=\"elementor-widget-container\">\n\t\t\t\t\t<div class=\"accordion faq style1\" id=\"accordion_somos-pet-friendly\">\r\n    <div class=\"accordion-item\">\r\n        <h2 class=\"accordion-header\" id=\"heading_somos-pet-friendly\">\r\n            <button class=\"accordion-button   collapsed\" \r\n                type=\"button\" \r\n                data-bs-toggle=\"collapse\" \r\n                data-bs-target=\"#somos-pet-friendly\" \r\n                aria-expanded=\"false\" \r\n                aria-controls=\"somos-pet-friendly\"\r\n            >\r\n                Are we pet friendly?            <\/button>\r\n        <\/h2>\r\n        <div id=\"somos-pet-friendly\" class=\"accordion-collapse collapse\" \r\n            aria-labelledby=\"heading_somos-pet-friendly\" \r\n            data-bs-parent=\"#accordion_somos-pet-friendly\"\r\n        >\r\n            <div class=\"accordion-body\">\r\n                Yes, for pets up to 20 lbs (9 kg) maximum.            <\/div>\r\n        <\/div>\r\n    <\/div>\r\n<\/div>\r\n\t\t\t\t<\/div>\n\t\t\t\t<\/div>\n\t\t\t\t\t<\/div>\n\t\t<\/div>\n\t\t\t\t\t<\/div>\n\t\t<\/section>\n\t\t\t\t<section class=\"elementor-section elementor-top-section elementor-element elementor-element-185f0bc6 elementor-section-boxed elementor-section-height-default elementor-section-height-default\" data-id=\"185f0bc6\" data-element_type=\"section\" data-e-type=\"section\">\n\t\t\t\t\t\t<div class=\"elementor-container elementor-column-gap-default\">\n\t\t\t\t\t<div class=\"elementor-column elementor-col-100 elementor-top-column elementor-element elementor-element-57f909a5\" data-id=\"57f909a5\" data-element_type=\"column\" data-e-type=\"column\">\n\t\t\t<div class=\"elementor-widget-wrap elementor-element-populated\">\n\t\t\t\t\t\t<section class=\"elementor-section elementor-inner-section elementor-element elementor-element-3bace26 elementor-section-boxed elementor-section-height-default elementor-section-height-default\" data-id=\"3bace26\" data-element_type=\"section\" data-e-type=\"section\" data-settings=\"{&quot;background_background&quot;:&quot;classic&quot;}\">\n\t\t\t\t\t\t<div class=\"elementor-container elementor-column-gap-default\">\n\t\t\t\t\t<div class=\"elementor-column elementor-col-50 elementor-inner-column elementor-element elementor-element-2fc93e58 overflow-hidden\" data-id=\"2fc93e58\" data-element_type=\"column\" data-e-type=\"column\" data-settings=\"{&quot;background_background&quot;:&quot;classic&quot;}\">\n\t\t\t<div class=\"elementor-widget-wrap elementor-element-populated\">\n\t\t\t\t\t\t\t<\/div>\n\t\t<\/div>\n\t\t\t\t<div class=\"elementor-column elementor-col-50 elementor-inner-column elementor-element elementor-element-14c20e1\" data-id=\"14c20e1\" data-element_type=\"column\" data-e-type=\"column\" data-settings=\"{&quot;background_background&quot;:&quot;classic&quot;}\">\n\t\t\t<div class=\"elementor-widget-wrap elementor-element-populated\">\n\t\t\t\t\t\t<div class=\"elementor-element elementor-element-2dc9a5aa elementor-widget elementor-widget-heading\" data-id=\"2dc9a5aa\" data-element_type=\"widget\" data-e-type=\"widget\" data-widget_type=\"heading.default\">\n\t\t\t\t<div class=\"elementor-widget-container\">\n\t\t\t\t\t<h2 class=\"elementor-heading-title elementor-size-default\">Get special offers and more from Hotel Mar\u00eda Isabel<\/h2>\t\t\t\t<\/div>\n\t\t\t\t<\/div>\n\t\t\t\t<div class=\"elementor-element elementor-element-6fa0e4dd elementor-widget elementor-widget-shortcode\" data-id=\"6fa0e4dd\" data-element_type=\"widget\" data-e-type=\"widget\" data-widget_type=\"shortcode.default\">\n\t\t\t\t<div class=\"elementor-widget-container\">\n\t\t\t\t\t\t\t<div class=\"elementor-shortcode\"><script>(function() {\n\twindow.mc4wp = window.mc4wp || {\n\t\tlisteners: [],\n\t\tforms: {\n\t\t\ton: function(evt, cb) {\n\t\t\t\twindow.mc4wp.listeners.push(\n\t\t\t\t\t{\n\t\t\t\t\t\tevent   : evt,\n\t\t\t\t\t\tcallback: cb\n\t\t\t\t\t}\n\t\t\t\t);\n\t\t\t}\n\t\t}\n\t}\n})();\n<\/script><!-- Mailchimp for WordPress v4.12.1 - https:\/\/wordpress.org\/plugins\/mailchimp-for-wp\/ --><form id=\"mc4wp-form-1\" class=\"mc4wp-form mc4wp-form-92\" method=\"post\" data-id=\"92\" data-name=\"MC Form\" action=\"\" ><div class=\"mc4wp-form-fields\"><div class=\"stt-mailchimp-form\">\r\n    <input type=\"email\" name=\"EMAIL\" class=\"form-control\" placeholder=\"Email Address\">\r\n    <input type=\"submit\" name=\"submit\" value=\"Subscribe\">\r\n<\/div> <\/div><label style=\"display: none !important;\">Leave this field empty if you're human: <input type=\"text\" name=\"_mc4wp_honeypot\" value=\"\" tabindex=\"-1\" autocomplete=\"off\" \/><\/label><input type=\"hidden\" name=\"_mc4wp_timestamp\" value=\"1776376595\" \/><input type=\"hidden\" name=\"_mc4wp_form_id\" value=\"92\" \/><input type=\"hidden\" name=\"_mc4wp_form_element_id\" value=\"mc4wp-form-1\" \/><div class=\"mc4wp-response\"><\/div><input type=\"hidden\" name=\"trp-form-language\" value=\"en\"\/><\/form><!-- \/ Mailchimp for WordPress Plugin --><\/div>\n\t\t\t\t\t\t<\/div>\n\t\t\t\t<\/div>\n\t\t\t\t\t<\/div>\n\t\t<\/div>\n\t\t\t\t\t<\/div>\n\t\t<\/section>\n\t\t\t\t\t<\/div>\n\t\t<\/div>\n\t\t\t\t\t<\/div>\n\t\t<\/section>\n\t\t\t\t<\/div>","protected":false},"excerpt":{"rendered":"<p>Preguntas Frecuentes Reservas Para ver disponibilidad, precio y reservar, puede ingresar a: https:\/\/reservas.hotelesmariaisabel.com \u00bfEventos? Puedes escribirnos a trav\u00e9s de WhatsApp para coordinar tu evento 7769-5145 \u00bfDonde estamos ubicados? El Hotel Mar\u00eda Isabel Ataco se encuentra en Concepci\u00f3n de Ataco, a 31 km del parque nacional El Imposible. Carretera a Jujutla, Concepci\u00f3n de Ataco, Concepci\u00f3n de [&hellip;]<\/p>\n","protected":false},"author":1,"featured_media":0,"parent":0,"menu_order":0,"comment_status":"closed","ping_status":"closed","template":"template-blank.php","meta":{"footnotes":""},"class_list":["post-843","page","type-page","status-publish","has-post-thumbnail","hentry"],"yoast_head":"<!-- This site is optimized with the Yoast SEO plugin v27.3 - https:\/\/yoast.com\/product\/yoast-seo-wordpress\/ -->\n<title>Preguntas Frecuentes \u00b7 Hotel Mar\u00eda Isabel<\/title>\n<meta name=\"robots\" content=\"index, follow, max-snippet:-1, max-image-preview:large, max-video-preview:-1\" \/>\n<link rel=\"canonical\" href=\"https:\/\/hotelesmariaisabel.com\/en\/preguntas-frecuentes\/\" \/>\n<meta property=\"og:locale\" content=\"en_US\" \/>\n<meta property=\"og:type\" content=\"article\" \/>\n<meta property=\"og:title\" content=\"Preguntas Frecuentes \u00b7 Hotel Mar\u00eda Isabel\" \/>\n<meta property=\"og:description\" content=\"Preguntas Frecuentes Reservas Para ver disponibilidad, precio y reservar, puede ingresar a: https:\/\/reservas.hotelesmariaisabel.com \u00bfEventos? Puedes escribirnos a trav\u00e9s de WhatsApp para coordinar tu evento 7769-5145 \u00bfDonde estamos ubicados? El Hotel Mar\u00eda Isabel Ataco se encuentra en Concepci\u00f3n de Ataco, a 31 km del parque nacional El Imposible. Carretera a Jujutla, Concepci\u00f3n de Ataco, Concepci\u00f3n de [&hellip;]\" \/>\n<meta property=\"og:url\" content=\"https:\/\/hotelesmariaisabel.com\/en\/preguntas-frecuentes\/\" \/>\n<meta property=\"og:site_name\" content=\"Hotel Mar\u00eda Isabel | Hotel en Ataco y Apaneca - Hospedaje en la Ruta de las Flores\" \/>\n<meta property=\"article:publisher\" content=\"https:\/\/www.instagram.com\/mariaisabelhotelataco\/\" \/>\n<meta property=\"article:modified_time\" content=\"2023-08-23T21:04:07+00:00\" \/>\n<meta property=\"og:image\" content=\"https:\/\/hotelesmariaisabel.com\/wp-content\/uploads\/2026\/04\/Logo-HMI-sin-Fondo.png\" \/>\n\t<meta property=\"og:image:width\" content=\"1055\" \/>\n\t<meta property=\"og:image:height\" content=\"681\" \/>\n\t<meta property=\"og:image:type\" content=\"image\/png\" \/>\n<meta name=\"twitter:card\" content=\"summary_large_image\" \/>\n<script type=\"application\/ld+json\" class=\"yoast-schema-graph\">{\"@context\":\"https:\\\/\\\/schema.org\",\"@graph\":[{\"@type\":\"WebPage\",\"@id\":\"https:\\\/\\\/hotelesmariaisabel.com\\\/preguntas-frecuentes\\\/\",\"url\":\"https:\\\/\\\/hotelesmariaisabel.com\\\/preguntas-frecuentes\\\/\",\"name\":\"Preguntas Frecuentes \u00b7 Hotel Mar\u00eda Isabel\",\"isPartOf\":{\"@id\":\"https:\\\/\\\/hotelesmariaisabel.com\\\/#website\"},\"datePublished\":\"2023-08-23T08:49:43+00:00\",\"dateModified\":\"2023-08-23T21:04:07+00:00\",\"breadcrumb\":{\"@id\":\"https:\\\/\\\/hotelesmariaisabel.com\\\/preguntas-frecuentes\\\/#breadcrumb\"},\"inLanguage\":\"en-US\",\"potentialAction\":[{\"@type\":\"ReadAction\",\"target\":[\"https:\\\/\\\/hotelesmariaisabel.com\\\/preguntas-frecuentes\\\/\"]}]},{\"@type\":\"BreadcrumbList\",\"@id\":\"https:\\\/\\\/hotelesmariaisabel.com\\\/preguntas-frecuentes\\\/#breadcrumb\",\"itemListElement\":[{\"@type\":\"ListItem\",\"position\":1,\"name\":\"Inicio\",\"item\":\"https:\\\/\\\/hotelesmariaisabel.com\\\/\"},{\"@type\":\"ListItem\",\"position\":2,\"name\":\"Preguntas Frecuentes\"}]},{\"@type\":\"WebSite\",\"@id\":\"https:\\\/\\\/hotelesmariaisabel.com\\\/#website\",\"url\":\"https:\\\/\\\/hotelesmariaisabel.com\\\/\",\"name\":\"Hotel Mar\u00eda Isabel\",\"description\":\"Hotel entre Ataco y Apaneca, en el coraz\u00f3n de la Ruta de las Flores, El Salvador.\",\"publisher\":{\"@id\":\"https:\\\/\\\/hotelesmariaisabel.com\\\/#organization\"},\"alternateName\":\"HMI\",\"potentialAction\":[{\"@type\":\"SearchAction\",\"target\":{\"@type\":\"EntryPoint\",\"urlTemplate\":\"https:\\\/\\\/hotelesmariaisabel.com\\\/?s={search_term_string}\"},\"query-input\":{\"@type\":\"PropertyValueSpecification\",\"valueRequired\":true,\"valueName\":\"search_term_string\"}}],\"inLanguage\":\"en-US\"},{\"@type\":\"Organization\",\"@id\":\"https:\\\/\\\/hotelesmariaisabel.com\\\/#organization\",\"name\":\"Hotel Mar\u00eda Isabel\",\"alternateName\":\"HMI\",\"url\":\"https:\\\/\\\/hotelesmariaisabel.com\\\/\",\"logo\":{\"@type\":\"ImageObject\",\"inLanguage\":\"en-US\",\"@id\":\"https:\\\/\\\/hotelesmariaisabel.com\\\/#\\\/schema\\\/logo\\\/image\\\/\",\"url\":\"https:\\\/\\\/hotelesmariaisabel.com\\\/wp-content\\\/uploads\\\/2026\\\/04\\\/Logo-HMI-sin-Fondo.png\",\"contentUrl\":\"https:\\\/\\\/hotelesmariaisabel.com\\\/wp-content\\\/uploads\\\/2026\\\/04\\\/Logo-HMI-sin-Fondo.png\",\"width\":1055,\"height\":681,\"caption\":\"Hotel Mar\u00eda Isabel\"},\"image\":{\"@id\":\"https:\\\/\\\/hotelesmariaisabel.com\\\/#\\\/schema\\\/logo\\\/image\\\/\"},\"sameAs\":[\"https:\\\/\\\/www.instagram.com\\\/mariaisabelhotelataco\\\/\",\"https:\\\/\\\/wa.me\\\/50377695145\",\"https:\\\/\\\/www.facebook.com\\\/MariaIsabelHotelBoutique\\\/\",\"https:\\\/\\\/www.tiktok.com\\\/@hotel.maria.isabe0\"]}]}<\/script>\n<!-- \/ Yoast SEO plugin. -->","yoast_head_json":{"title":"Preguntas Frecuentes \u00b7 Hotel Mar\u00eda Isabel","robots":{"index":"index","follow":"follow","max-snippet":"max-snippet:-1","max-image-preview":"max-image-preview:large","max-video-preview":"max-video-preview:-1"},"canonical":"https:\/\/hotelesmariaisabel.com\/en\/preguntas-frecuentes\/","og_locale":"en_US","og_type":"article","og_title":"Preguntas Frecuentes \u00b7 Hotel Mar\u00eda Isabel","og_description":"Preguntas Frecuentes Reservas Para ver disponibilidad, precio y reservar, puede ingresar a: https:\/\/reservas.hotelesmariaisabel.com \u00bfEventos? Puedes escribirnos a trav\u00e9s de WhatsApp para coordinar tu evento 7769-5145 \u00bfDonde estamos ubicados? El Hotel Mar\u00eda Isabel Ataco se encuentra en Concepci\u00f3n de Ataco, a 31 km del parque nacional El Imposible. Carretera a Jujutla, Concepci\u00f3n de Ataco, Concepci\u00f3n de [&hellip;]","og_url":"https:\/\/hotelesmariaisabel.com\/en\/preguntas-frecuentes\/","og_site_name":"Hotel Mar\u00eda Isabel | Hotel en Ataco y Apaneca - Hospedaje en la Ruta de las Flores","article_publisher":"https:\/\/www.instagram.com\/mariaisabelhotelataco\/","article_modified_time":"2023-08-23T21:04:07+00:00","og_image":[{"width":1055,"height":681,"url":"https:\/\/hotelesmariaisabel.com\/wp-content\/uploads\/2026\/04\/Logo-HMI-sin-Fondo.png","type":"image\/png"}],"twitter_card":"summary_large_image","schema":{"@context":"https:\/\/schema.org","@graph":[{"@type":"WebPage","@id":"https:\/\/hotelesmariaisabel.com\/preguntas-frecuentes\/","url":"https:\/\/hotelesmariaisabel.com\/preguntas-frecuentes\/","name":"Preguntas Frecuentes \u00b7 Hotel Mar\u00eda Isabel","isPartOf":{"@id":"https:\/\/hotelesmariaisabel.com\/#website"},"datePublished":"2023-08-23T08:49:43+00:00","dateModified":"2023-08-23T21:04:07+00:00","breadcrumb":{"@id":"https:\/\/hotelesmariaisabel.com\/preguntas-frecuentes\/#breadcrumb"},"inLanguage":"en-US","potentialAction":[{"@type":"ReadAction","target":["https:\/\/hotelesmariaisabel.com\/preguntas-frecuentes\/"]}]},{"@type":"BreadcrumbList","@id":"https:\/\/hotelesmariaisabel.com\/preguntas-frecuentes\/#breadcrumb","itemListElement":[{"@type":"ListItem","position":1,"name":"Inicio","item":"https:\/\/hotelesmariaisabel.com\/"},{"@type":"ListItem","position":2,"name":"Preguntas Frecuentes"}]},{"@type":"WebSite","@id":"https:\/\/hotelesmariaisabel.com\/#website","url":"https:\/\/hotelesmariaisabel.com\/","name":"Hotel Maria Isabel","description":"Hotel entre Ataco y Apaneca, en el coraz\u00f3n de la Ruta de las Flores, El Salvador.","publisher":{"@id":"https:\/\/hotelesmariaisabel.com\/#organization"},"alternateName":"HMI","potentialAction":[{"@type":"SearchAction","target":{"@type":"EntryPoint","urlTemplate":"https:\/\/hotelesmariaisabel.com\/?s={search_term_string}"},"query-input":{"@type":"PropertyValueSpecification","valueRequired":true,"valueName":"search_term_string"}}],"inLanguage":"en-US"},{"@type":"Organization","@id":"https:\/\/hotelesmariaisabel.com\/#organization","name":"Hotel Maria Isabel","alternateName":"HMI","url":"https:\/\/hotelesmariaisabel.com\/","logo":{"@type":"ImageObject","inLanguage":"en-US","@id":"https:\/\/hotelesmariaisabel.com\/#\/schema\/logo\/image\/","url":"https:\/\/hotelesmariaisabel.com\/wp-content\/uploads\/2026\/04\/Logo-HMI-sin-Fondo.png","contentUrl":"https:\/\/hotelesmariaisabel.com\/wp-content\/uploads\/2026\/04\/Logo-HMI-sin-Fondo.png","width":1055,"height":681,"caption":"Hotel Mar\u00eda Isabel"},"image":{"@id":"https:\/\/hotelesmariaisabel.com\/#\/schema\/logo\/image\/"},"sameAs":["https:\/\/www.instagram.com\/mariaisabelhotelataco\/","https:\/\/wa.me\/50377695145","https:\/\/www.facebook.com\/MariaIsabelHotelBoutique\/","https:\/\/www.tiktok.com\/@hotel.maria.isabe0"]}]}},"_links":{"self":[{"href":"https:\/\/hotelesmariaisabel.com\/en\/wp-json\/wp\/v2\/pages\/843","targetHints":{"allow":["GET"]}}],"collection":[{"href":"https:\/\/hotelesmariaisabel.com\/en\/wp-json\/wp\/v2\/pages"}],"about":[{"href":"https:\/\/hotelesmariaisabel.com\/en\/wp-json\/wp\/v2\/types\/page"}],"author":[{"embeddable":true,"href":"https:\/\/hotelesmariaisabel.com\/en\/wp-json\/wp\/v2\/users\/1"}],"replies":[{"embeddable":true,"href":"https:\/\/hotelesmariaisabel.com\/en\/wp-json\/wp\/v2\/comments?post=843"}],"version-history":[{"count":40,"href":"https:\/\/hotelesmariaisabel.com\/en\/wp-json\/wp\/v2\/pages\/843\/revisions"}],"predecessor-version":[{"id":17502,"href":"https:\/\/hotelesmariaisabel.com\/en\/wp-json\/wp\/v2\/pages\/843\/revisions\/17502"}],"wp:attachment":[{"href":"https:\/\/hotelesmariaisabel.com\/en\/wp-json\/wp\/v2\/media?parent=843"}],"curies":[{"name":"wp","href":"https:\/\/api.w.org\/{rel}","templated":true}]}}