{"id":16285,"date":"2023-02-21T02:52:42","date_gmt":"2023-02-21T02:52:42","guid":{"rendered":"https:\/\/hotelalone.travelerwp.com\/?page_id=16285"},"modified":"2026-04-08T18:12:56","modified_gmt":"2026-04-08T16:12:56","slug":"galeria","status":"publish","type":"page","link":"https:\/\/hotelesmariaisabel.com\/en\/galeria\/","title":{"rendered":"Gallery"},"content":{"rendered":"<h2>Gallery<\/h2>\n<h2>Hotel Maria Isabel<\/h2>\n<h3 data-path-to-node=\"3\"><b data-path-to-node=\"3\" data-index-in-node=\"0\">Descubre la Experiencia en Hotel Mar\u00eda Isabel, Ataco<\/b><\/h3>\n<p data-path-to-node=\"4\">Nuestro hotel boutique en Concepci\u00f3n de Ataco est\u00e1 dise\u00f1ado para ofrecerte el descanso y la diversi\u00f3n que buscas. Disfruta de nuestras amplias y variadas \u00e1reas comunes, pensadas para conectar con la naturaleza y relajarte:<\/p>\n<ul data-path-to-node=\"5\">\n<li>\n<p data-path-to-node=\"5,0,0\"><b data-path-to-node=\"5,0,0\" data-index-in-node=\"0\">Zona de fogata:<\/b> El espacio ideal para compartir durante las noches frescas de la Ruta de las Flores.<\/p>\n<\/li>\n<li>\n<p data-path-to-node=\"5,1,0\"><b data-path-to-node=\"5,1,0\" data-index-in-node=\"0\">Rooftop y amplios jardines:<\/b> Disfruta de vistas incre\u00edbles y \u00e1reas verdes impecables.<\/p>\n<\/li>\n<li>\n<p data-path-to-node=\"5,2,0\"><b data-path-to-node=\"5,2,0\" data-index-in-node=\"0\">Zonas deportivas:<\/b> Contamos con cancha de f\u00fatbol y cancha de baloncesto para los m\u00e1s activos.<\/p>\n<\/li>\n<li>\n<p data-path-to-node=\"5,3,0\"><b data-path-to-node=\"5,3,0\" data-index-in-node=\"0\">Glorieta de relajaci\u00f3n:<\/b> Rel\u00e1jate en nuestras tradicionales hamacas o disfruta de un exquisito caf\u00e9 de altura por la tarde en nuestras mesas al aire libre.<\/p>\n<\/li>\n<\/ul>\n<h3 data-path-to-node=\"6\"><b data-path-to-node=\"6\" data-index-in-node=\"0\">Tu Evento Privado en Ataco: Reserva Exclusiva<\/b><\/h3>\n<p data-path-to-node=\"7\">Al ser un hotel exclusivo de 6 habitaciones, te ofrecemos la oportunidad \u00fanica de <b data-path-to-node=\"7\" data-index-in-node=\"82\">reservar el hotel completo<\/b> para tus celebraciones privadas. Es el escenario perfecto para realizar:<\/p>\n<ul data-path-to-node=\"8\">\n<li>\n<p data-path-to-node=\"8,0,0\">Bodas \u00edntimas.<\/p>\n<\/li>\n<li>\n<p data-path-to-node=\"8,1,0\">Cumplea\u00f1os y aniversarios.<\/p>\n<\/li>\n<li>\n<p data-path-to-node=\"8,2,0\">Fiestas empresariales o retiros corporativos.<\/p>\n<\/li>\n<\/ul>\n<p data-path-to-node=\"9\"><a href=\"https:\/\/wa.me\/50377695145\">Contact Us<\/a> hoy mismo para planear tu pr\u00f3ximo evento en Ataco. Te garantizamos atenci\u00f3n personalizada, servicios de primer nivel y momentos inolvidables a la medida de tus necesidades.<\/p>\n<p><button id=\"nav-1-tab\" role=\"tab\" type=\"button\" data-bs-toggle=\"tab\" data-bs-target=\"#nav-1\" aria-controls=\"nav-1\" aria-selected=\"true\">hotel<\/button><button id=\"nav-2-tab\" role=\"tab\" type=\"button\" data-bs-toggle=\"tab\" data-bs-target=\"#nav-2\" aria-controls=\"nav-2\" aria-selected=\"true\">rooms<\/button><button id=\"nav-3-tab\" role=\"tab\" type=\"button\" data-bs-toggle=\"tab\" data-bs-target=\"#nav-3\" aria-controls=\"nav-3\" aria-selected=\"true\">Service<\/button><button id=\"nav-4-tab\" role=\"tab\" type=\"button\" data-bs-toggle=\"tab\" data-bs-target=\"#nav-4\" aria-controls=\"nav-4\" aria-selected=\"true\">Activities<\/button><button id=\"nav-5-tab\" role=\"tab\" type=\"button\" data-bs-toggle=\"tab\" data-bs-target=\"#nav-5\" aria-controls=\"nav-5\" aria-selected=\"true\">Events<\/button><br \/>\n<a title=\"hotel\" href=\"http:\/\/hotelesmariaisabel.com\/wp-content\/uploads\/2023\/08\/maria-isabel-imagenes-pagina-web-24.jpg\" data-elementor-open-lightbox=\"no\"><img decoding=\"async\" src=\"http:\/\/hotelesmariaisabel.com\/wp-content\/uploads\/2023\/08\/maria-isabel-imagenes-pagina-web-24.jpg\" \/><\/a><a title=\"hotel\" href=\"http:\/\/hotelesmariaisabel.com\/wp-content\/uploads\/2023\/08\/maria-isabel-imagenes-pagina-web-23.jpg\" data-elementor-open-lightbox=\"no\"><img decoding=\"async\" src=\"http:\/\/hotelesmariaisabel.com\/wp-content\/uploads\/2023\/08\/maria-isabel-imagenes-pagina-web-23.jpg\" \/><\/a><a title=\"hotel\" href=\"http:\/\/hotelesmariaisabel.com\/wp-content\/uploads\/2023\/08\/maria-isabel-imagenes-pagina-web-22.jpg\" data-elementor-open-lightbox=\"no\"><img decoding=\"async\" src=\"http:\/\/hotelesmariaisabel.com\/wp-content\/uploads\/2023\/08\/maria-isabel-imagenes-pagina-web-22.jpg\" \/><\/a><a title=\"hotel\" href=\"http:\/\/hotelesmariaisabel.com\/wp-content\/uploads\/2023\/08\/maria-isabel-imagenes-pagina-web-21.jpg\" data-elementor-open-lightbox=\"no\"><img decoding=\"async\" src=\"http:\/\/hotelesmariaisabel.com\/wp-content\/uploads\/2023\/08\/maria-isabel-imagenes-pagina-web-21.jpg\" \/><\/a><a title=\"hotel\" href=\"http:\/\/hotelesmariaisabel.com\/wp-content\/uploads\/2023\/08\/maria-isabel-imagenes-pagina-web-20.jpg\" data-elementor-open-lightbox=\"no\"><img decoding=\"async\" src=\"http:\/\/hotelesmariaisabel.com\/wp-content\/uploads\/2023\/08\/maria-isabel-imagenes-pagina-web-20.jpg\" \/><\/a><a title=\"hotel\" href=\"http:\/\/hotelesmariaisabel.com\/wp-content\/uploads\/2023\/08\/maria-isabel-imagenes-pagina-web-19.jpg\" data-elementor-open-lightbox=\"no\"><img decoding=\"async\" src=\"http:\/\/hotelesmariaisabel.com\/wp-content\/uploads\/2023\/08\/maria-isabel-imagenes-pagina-web-19.jpg\" \/><\/a><a title=\"hotel\" href=\"http:\/\/hotelesmariaisabel.com\/wp-content\/uploads\/2023\/08\/maria-isabel-imagenes-pagina-web-18.jpg\" data-elementor-open-lightbox=\"no\"><img decoding=\"async\" src=\"http:\/\/hotelesmariaisabel.com\/wp-content\/uploads\/2023\/08\/maria-isabel-imagenes-pagina-web-18.jpg\" \/><\/a><a title=\"hotel\" href=\"http:\/\/hotelesmariaisabel.com\/wp-content\/uploads\/2023\/08\/maria-isabel-imagenes-pagina-web-17.jpg\" data-elementor-open-lightbox=\"no\"><img decoding=\"async\" src=\"http:\/\/hotelesmariaisabel.com\/wp-content\/uploads\/2023\/08\/maria-isabel-imagenes-pagina-web-17.jpg\" \/><\/a> <a title=\"rooms\" href=\"http:\/\/hotelesmariaisabel.com\/wp-content\/uploads\/2023\/08\/maria-isabel-imagenes-pagina-web-27.jpg\" data-elementor-open-lightbox=\"no\"><img decoding=\"async\" src=\"http:\/\/hotelesmariaisabel.com\/wp-content\/uploads\/2023\/08\/maria-isabel-imagenes-pagina-web-27.jpg\" \/><\/a><a title=\"rooms\" href=\"http:\/\/hotelesmariaisabel.com\/wp-content\/uploads\/2023\/08\/maria-isabel-imagenes-pagina-web-28.jpg\" data-elementor-open-lightbox=\"no\"><img decoding=\"async\" src=\"http:\/\/hotelesmariaisabel.com\/wp-content\/uploads\/2023\/08\/maria-isabel-imagenes-pagina-web-28.jpg\" \/><\/a><a title=\"rooms\" href=\"http:\/\/hotelesmariaisabel.com\/wp-content\/uploads\/2023\/08\/maria-isabel-imagenes-pagina-web-29.jpg\" data-elementor-open-lightbox=\"no\"><img decoding=\"async\" src=\"http:\/\/hotelesmariaisabel.com\/wp-content\/uploads\/2023\/08\/maria-isabel-imagenes-pagina-web-29.jpg\" \/><\/a><a title=\"rooms\" href=\"http:\/\/hotelesmariaisabel.com\/wp-content\/uploads\/2023\/08\/maria-isabel-imagenes-pagina-web-30.jpg\" data-elementor-open-lightbox=\"no\"><img decoding=\"async\" src=\"http:\/\/hotelesmariaisabel.com\/wp-content\/uploads\/2023\/08\/maria-isabel-imagenes-pagina-web-30.jpg\" \/><\/a> <a title=\"Service\" href=\"http:\/\/hotelesmariaisabel.com\/wp-content\/uploads\/2023\/08\/maria-isabel-imagenes-servicios-31.jpg\" data-elementor-open-lightbox=\"no\"><img decoding=\"async\" src=\"http:\/\/hotelesmariaisabel.com\/wp-content\/uploads\/2023\/08\/maria-isabel-imagenes-servicios-31.jpg\" \/><\/a><a title=\"Service\" href=\"http:\/\/hotelesmariaisabel.com\/wp-content\/uploads\/2023\/08\/maria-isabel-imagenes-servicios-33.jpg\" data-elementor-open-lightbox=\"no\"><img decoding=\"async\" src=\"http:\/\/hotelesmariaisabel.com\/wp-content\/uploads\/2023\/08\/maria-isabel-imagenes-servicios-33.jpg\" \/><\/a><a title=\"Service\" href=\"http:\/\/hotelesmariaisabel.com\/wp-content\/uploads\/2023\/08\/maria-isabel-imagenes-servicios-34.jpg\" data-elementor-open-lightbox=\"no\"><img decoding=\"async\" src=\"http:\/\/hotelesmariaisabel.com\/wp-content\/uploads\/2023\/08\/maria-isabel-imagenes-servicios-34.jpg\" \/><\/a><a title=\"Service\" href=\"http:\/\/hotelesmariaisabel.com\/wp-content\/uploads\/2023\/08\/maria-isabel-imagenes-servicios-35.jpg\" data-elementor-open-lightbox=\"no\"><img decoding=\"async\" src=\"http:\/\/hotelesmariaisabel.com\/wp-content\/uploads\/2023\/08\/maria-isabel-imagenes-servicios-35.jpg\" \/><\/a><a title=\"Service\" href=\"http:\/\/hotelesmariaisabel.com\/wp-content\/uploads\/2023\/08\/tardes-magicas.jpg\" data-elementor-open-lightbox=\"no\"><img decoding=\"async\" src=\"http:\/\/hotelesmariaisabel.com\/wp-content\/uploads\/2023\/08\/tardes-magicas.jpg\" \/><\/a> <a title=\"Activities\" href=\"http:\/\/hotelesmariaisabel.com\/wp-content\/uploads\/2023\/08\/maria-isabel-imagenes-pagina-web-actividades-18.jpg\" data-elementor-open-lightbox=\"no\"><img decoding=\"async\" src=\"http:\/\/hotelesmariaisabel.com\/wp-content\/uploads\/2023\/08\/maria-isabel-imagenes-pagina-web-actividades-18.jpg\" \/><\/a><a title=\"Activities\" href=\"http:\/\/hotelesmariaisabel.com\/wp-content\/uploads\/2023\/08\/maria-isabel-imagenes-pagina-web-actividades-19.jpg\" data-elementor-open-lightbox=\"no\"><img decoding=\"async\" src=\"http:\/\/hotelesmariaisabel.com\/wp-content\/uploads\/2023\/08\/maria-isabel-imagenes-pagina-web-actividades-19.jpg\" \/><\/a><a title=\"Activities\" href=\"http:\/\/hotelesmariaisabel.com\/wp-content\/uploads\/2023\/08\/maria-isabel-imagenes-pagina-web-actividades-20.jpg\" data-elementor-open-lightbox=\"no\"><img decoding=\"async\" src=\"http:\/\/hotelesmariaisabel.com\/wp-content\/uploads\/2023\/08\/maria-isabel-imagenes-pagina-web-actividades-20.jpg\" \/><\/a><a title=\"Activities\" href=\"http:\/\/hotelesmariaisabel.com\/wp-content\/uploads\/2023\/08\/maria-isabel-imagenes-pagina-web-actividades-21.jpg\" data-elementor-open-lightbox=\"no\"><img decoding=\"async\" src=\"http:\/\/hotelesmariaisabel.com\/wp-content\/uploads\/2023\/08\/maria-isabel-imagenes-pagina-web-actividades-21.jpg\" \/><\/a><a title=\"Activities\" href=\"http:\/\/hotelesmariaisabel.com\/wp-content\/uploads\/2023\/08\/maria-isabel-imagenes-pagina-web1-17.jpg\" data-elementor-open-lightbox=\"no\"><img decoding=\"async\" src=\"http:\/\/hotelesmariaisabel.com\/wp-content\/uploads\/2023\/08\/maria-isabel-imagenes-pagina-web1-17.jpg\" \/><\/a> <a title=\"Events\" href=\"http:\/\/hotelesmariaisabel.com\/wp-content\/uploads\/2024\/12\/HMI_Eventos-1-scaled.jpg\" data-elementor-open-lightbox=\"no\"><img decoding=\"async\" src=\"http:\/\/hotelesmariaisabel.com\/wp-content\/uploads\/2024\/12\/HMI_Eventos-1-scaled.jpg\" \/><\/a><a title=\"Events\" href=\"http:\/\/hotelesmariaisabel.com\/wp-content\/uploads\/2024\/12\/HMI_Eventos-2-scaled.jpg\" data-elementor-open-lightbox=\"no\"><img decoding=\"async\" src=\"http:\/\/hotelesmariaisabel.com\/wp-content\/uploads\/2024\/12\/HMI_Eventos-2-scaled.jpg\" \/><\/a><a title=\"Events\" href=\"http:\/\/hotelesmariaisabel.com\/wp-content\/uploads\/2024\/12\/HMI_Eventos-3-scaled.jpg\" data-elementor-open-lightbox=\"no\"><img decoding=\"async\" src=\"http:\/\/hotelesmariaisabel.com\/wp-content\/uploads\/2024\/12\/HMI_Eventos-3-scaled.jpg\" \/><\/a><a title=\"Events\" href=\"http:\/\/hotelesmariaisabel.com\/wp-content\/uploads\/2024\/12\/HMI_Eventos-4-scaled.jpg\" data-elementor-open-lightbox=\"no\"><img decoding=\"async\" src=\"http:\/\/hotelesmariaisabel.com\/wp-content\/uploads\/2024\/12\/HMI_Eventos-4-scaled.jpg\" \/><\/a><a title=\"Events\" href=\"http:\/\/hotelesmariaisabel.com\/wp-content\/uploads\/2024\/12\/HMI_Eventos-5-scaled.jpg\" data-elementor-open-lightbox=\"no\"><img decoding=\"async\" src=\"http:\/\/hotelesmariaisabel.com\/wp-content\/uploads\/2024\/12\/HMI_Eventos-5-scaled.jpg\" \/><\/a><a title=\"Events\" href=\"http:\/\/hotelesmariaisabel.com\/wp-content\/uploads\/2024\/12\/HMI_Eventos-6-scaled.jpg\" data-elementor-open-lightbox=\"no\"><img decoding=\"async\" src=\"http:\/\/hotelesmariaisabel.com\/wp-content\/uploads\/2024\/12\/HMI_Eventos-6-scaled.jpg\" \/><\/a><a title=\"Events\" href=\"http:\/\/hotelesmariaisabel.com\/wp-content\/uploads\/2024\/12\/HMI_Eventos-10-scaled.jpeg\" data-elementor-open-lightbox=\"no\"><img decoding=\"async\" src=\"http:\/\/hotelesmariaisabel.com\/wp-content\/uploads\/2024\/12\/HMI_Eventos-10-scaled.jpeg\" \/><\/a><a title=\"Events\" href=\"http:\/\/hotelesmariaisabel.com\/wp-content\/uploads\/2024\/12\/HMI_Eventos-16-scaled.jpeg\" data-elementor-open-lightbox=\"no\"><img decoding=\"async\" src=\"http:\/\/hotelesmariaisabel.com\/wp-content\/uploads\/2024\/12\/HMI_Eventos-16-scaled.jpeg\" \/><\/a><\/p>","protected":false},"excerpt":{"rendered":"<p>Galeria Hotel Mar\u00eda Isabel Descubre la Experiencia en Hotel Mar\u00eda Isabel, Ataco Nuestro hotel boutique en Concepci\u00f3n de Ataco est\u00e1 dise\u00f1ado para ofrecerte el descanso y la diversi\u00f3n que buscas. Disfruta de nuestras amplias y variadas \u00e1reas comunes, pensadas para conectar con la naturaleza y relajarte: Zona de fogata: El espacio ideal para compartir durante [&hellip;]<\/p>\n","protected":false},"author":1,"featured_media":0,"parent":0,"menu_order":0,"comment_status":"closed","ping_status":"closed","template":"template-blank.php","meta":{"footnotes":""},"class_list":["post-16285","page","type-page","status-publish","has-post-thumbnail","hentry"],"yoast_head":"<!-- This site is optimized with the Yoast SEO plugin v27.3 - https:\/\/yoast.com\/product\/yoast-seo-wordpress\/ -->\n<title>Galeria \u00b7 Hotel Mar\u00eda Isabel<\/title>\n<meta name=\"description\" content=\"Galeria de Imagenes Hotel Mar\u00eda Isabel, donde podras hechar un vistazo a las amenidades y servicios que ofrecemos.\" \/>\n<meta name=\"robots\" content=\"index, follow, max-snippet:-1, max-image-preview:large, max-video-preview:-1\" \/>\n<link rel=\"canonical\" href=\"https:\/\/hotelesmariaisabel.com\/en\/galeria\/\" \/>\n<meta property=\"og:locale\" content=\"en_US\" \/>\n<meta property=\"og:type\" content=\"article\" \/>\n<meta property=\"og:title\" content=\"Galeria \u00b7 Hotel Mar\u00eda Isabel\" \/>\n<meta property=\"og:description\" content=\"Galeria de Imagenes Hotel Mar\u00eda Isabel, donde podras hechar un vistazo a las amenidades y servicios que ofrecemos.\" \/>\n<meta property=\"og:url\" content=\"https:\/\/hotelesmariaisabel.com\/en\/galeria\/\" \/>\n<meta property=\"og:site_name\" content=\"Hotel Mar\u00eda Isabel | Hotel en Ataco y Apaneca - Hospedaje en la Ruta de las Flores\" \/>\n<meta property=\"article:publisher\" content=\"https:\/\/www.instagram.com\/mariaisabelhotelataco\/\" \/>\n<meta property=\"article:modified_time\" content=\"2026-04-08T16:12:56+00:00\" \/>\n<meta property=\"og:image\" content=\"http:\/\/hotelesmariaisabel.com\/wp-content\/uploads\/2023\/08\/maria-isabel-imagenes-pagina-web-24.jpg\" \/>\n<meta name=\"twitter:card\" content=\"summary_large_image\" \/>\n<meta name=\"twitter:label1\" content=\"Est. reading time\" \/>\n\t<meta name=\"twitter:data1\" content=\"7 minutes\" \/>\n<script type=\"application\/ld+json\" class=\"yoast-schema-graph\">{\"@context\":\"https:\\\/\\\/schema.org\",\"@graph\":[{\"@type\":\"WebPage\",\"@id\":\"https:\\\/\\\/hotelesmariaisabel.com\\\/galeria\\\/\",\"url\":\"https:\\\/\\\/hotelesmariaisabel.com\\\/galeria\\\/\",\"name\":\"Galeria \u00b7 Hotel Mar\u00eda Isabel\",\"isPartOf\":{\"@id\":\"https:\\\/\\\/hotelesmariaisabel.com\\\/#website\"},\"primaryImageOfPage\":{\"@id\":\"https:\\\/\\\/hotelesmariaisabel.com\\\/galeria\\\/#primaryimage\"},\"image\":{\"@id\":\"https:\\\/\\\/hotelesmariaisabel.com\\\/galeria\\\/#primaryimage\"},\"thumbnailUrl\":\"http:\\\/\\\/hotelesmariaisabel.com\\\/wp-content\\\/uploads\\\/2023\\\/08\\\/maria-isabel-imagenes-pagina-web-24.jpg\",\"datePublished\":\"2023-02-21T02:52:42+00:00\",\"dateModified\":\"2026-04-08T16:12:56+00:00\",\"description\":\"Galeria de Imagenes Hotel Mar\u00eda Isabel, donde podras hechar un vistazo a las amenidades y servicios que ofrecemos.\",\"breadcrumb\":{\"@id\":\"https:\\\/\\\/hotelesmariaisabel.com\\\/galeria\\\/#breadcrumb\"},\"inLanguage\":\"en-US\",\"potentialAction\":[{\"@type\":\"ReadAction\",\"target\":[\"https:\\\/\\\/hotelesmariaisabel.com\\\/galeria\\\/\"]}]},{\"@type\":\"ImageObject\",\"inLanguage\":\"en-US\",\"@id\":\"https:\\\/\\\/hotelesmariaisabel.com\\\/galeria\\\/#primaryimage\",\"url\":\"http:\\\/\\\/hotelesmariaisabel.com\\\/wp-content\\\/uploads\\\/2023\\\/08\\\/maria-isabel-imagenes-pagina-web-24.jpg\",\"contentUrl\":\"http:\\\/\\\/hotelesmariaisabel.com\\\/wp-content\\\/uploads\\\/2023\\\/08\\\/maria-isabel-imagenes-pagina-web-24.jpg\"},{\"@type\":\"BreadcrumbList\",\"@id\":\"https:\\\/\\\/hotelesmariaisabel.com\\\/galeria\\\/#breadcrumb\",\"itemListElement\":[{\"@type\":\"ListItem\",\"position\":1,\"name\":\"Inicio\",\"item\":\"https:\\\/\\\/hotelesmariaisabel.com\\\/\"},{\"@type\":\"ListItem\",\"position\":2,\"name\":\"Galeria\"}]},{\"@type\":\"WebSite\",\"@id\":\"https:\\\/\\\/hotelesmariaisabel.com\\\/#website\",\"url\":\"https:\\\/\\\/hotelesmariaisabel.com\\\/\",\"name\":\"Hotel Mar\u00eda Isabel\",\"description\":\"Hotel entre Ataco y Apaneca, en el coraz\u00f3n de la Ruta de las Flores, El Salvador.\",\"publisher\":{\"@id\":\"https:\\\/\\\/hotelesmariaisabel.com\\\/#organization\"},\"alternateName\":\"HMI\",\"potentialAction\":[{\"@type\":\"SearchAction\",\"target\":{\"@type\":\"EntryPoint\",\"urlTemplate\":\"https:\\\/\\\/hotelesmariaisabel.com\\\/?s={search_term_string}\"},\"query-input\":{\"@type\":\"PropertyValueSpecification\",\"valueRequired\":true,\"valueName\":\"search_term_string\"}}],\"inLanguage\":\"en-US\"},{\"@type\":\"Organization\",\"@id\":\"https:\\\/\\\/hotelesmariaisabel.com\\\/#organization\",\"name\":\"Hotel Mar\u00eda Isabel\",\"alternateName\":\"HMI\",\"url\":\"https:\\\/\\\/hotelesmariaisabel.com\\\/\",\"logo\":{\"@type\":\"ImageObject\",\"inLanguage\":\"en-US\",\"@id\":\"https:\\\/\\\/hotelesmariaisabel.com\\\/#\\\/schema\\\/logo\\\/image\\\/\",\"url\":\"https:\\\/\\\/hotelesmariaisabel.com\\\/wp-content\\\/uploads\\\/2026\\\/04\\\/Logo-HMI-sin-Fondo.png\",\"contentUrl\":\"https:\\\/\\\/hotelesmariaisabel.com\\\/wp-content\\\/uploads\\\/2026\\\/04\\\/Logo-HMI-sin-Fondo.png\",\"width\":1055,\"height\":681,\"caption\":\"Hotel Mar\u00eda Isabel\"},\"image\":{\"@id\":\"https:\\\/\\\/hotelesmariaisabel.com\\\/#\\\/schema\\\/logo\\\/image\\\/\"},\"sameAs\":[\"https:\\\/\\\/www.instagram.com\\\/mariaisabelhotelataco\\\/\",\"https:\\\/\\\/wa.me\\\/50377695145\",\"https:\\\/\\\/www.facebook.com\\\/MariaIsabelHotelBoutique\\\/\",\"https:\\\/\\\/www.tiktok.com\\\/@hotel.maria.isabe0\"]}]}<\/script>\n<!-- \/ Yoast SEO plugin. -->","yoast_head_json":{"title":"Galeria \u00b7 Hotel Mar\u00eda Isabel","description":"Galeria de Imagenes Hotel Mar\u00eda Isabel, donde podras hechar un vistazo a las amenidades y servicios que ofrecemos.","robots":{"index":"index","follow":"follow","max-snippet":"max-snippet:-1","max-image-preview":"max-image-preview:large","max-video-preview":"max-video-preview:-1"},"canonical":"https:\/\/hotelesmariaisabel.com\/en\/galeria\/","og_locale":"en_US","og_type":"article","og_title":"Galeria \u00b7 Hotel Mar\u00eda Isabel","og_description":"Galeria de Imagenes Hotel Mar\u00eda Isabel, donde podras hechar un vistazo a las amenidades y servicios que ofrecemos.","og_url":"https:\/\/hotelesmariaisabel.com\/en\/galeria\/","og_site_name":"Hotel Mar\u00eda Isabel | Hotel en Ataco y Apaneca - Hospedaje en la Ruta de las Flores","article_publisher":"https:\/\/www.instagram.com\/mariaisabelhotelataco\/","article_modified_time":"2026-04-08T16:12:56+00:00","og_image":[{"url":"http:\/\/hotelesmariaisabel.com\/wp-content\/uploads\/2023\/08\/maria-isabel-imagenes-pagina-web-24.jpg","type":"","width":"","height":""}],"twitter_card":"summary_large_image","twitter_misc":{"Est. reading time":"7 minutes"},"schema":{"@context":"https:\/\/schema.org","@graph":[{"@type":"WebPage","@id":"https:\/\/hotelesmariaisabel.com\/galeria\/","url":"https:\/\/hotelesmariaisabel.com\/galeria\/","name":"Galeria \u00b7 Hotel Mar\u00eda Isabel","isPartOf":{"@id":"https:\/\/hotelesmariaisabel.com\/#website"},"primaryImageOfPage":{"@id":"https:\/\/hotelesmariaisabel.com\/galeria\/#primaryimage"},"image":{"@id":"https:\/\/hotelesmariaisabel.com\/galeria\/#primaryimage"},"thumbnailUrl":"http:\/\/hotelesmariaisabel.com\/wp-content\/uploads\/2023\/08\/maria-isabel-imagenes-pagina-web-24.jpg","datePublished":"2023-02-21T02:52:42+00:00","dateModified":"2026-04-08T16:12:56+00:00","description":"Galeria de Imagenes Hotel Mar\u00eda Isabel, donde podras hechar un vistazo a las amenidades y servicios que ofrecemos.","breadcrumb":{"@id":"https:\/\/hotelesmariaisabel.com\/galeria\/#breadcrumb"},"inLanguage":"en-US","potentialAction":[{"@type":"ReadAction","target":["https:\/\/hotelesmariaisabel.com\/galeria\/"]}]},{"@type":"ImageObject","inLanguage":"en-US","@id":"https:\/\/hotelesmariaisabel.com\/galeria\/#primaryimage","url":"http:\/\/hotelesmariaisabel.com\/wp-content\/uploads\/2023\/08\/maria-isabel-imagenes-pagina-web-24.jpg","contentUrl":"http:\/\/hotelesmariaisabel.com\/wp-content\/uploads\/2023\/08\/maria-isabel-imagenes-pagina-web-24.jpg"},{"@type":"BreadcrumbList","@id":"https:\/\/hotelesmariaisabel.com\/galeria\/#breadcrumb","itemListElement":[{"@type":"ListItem","position":1,"name":"Inicio","item":"https:\/\/hotelesmariaisabel.com\/"},{"@type":"ListItem","position":2,"name":"Galeria"}]},{"@type":"WebSite","@id":"https:\/\/hotelesmariaisabel.com\/#website","url":"https:\/\/hotelesmariaisabel.com\/","name":"Hotel Maria Isabel","description":"Hotel entre Ataco y Apaneca, en el coraz\u00f3n de la Ruta de las Flores, El Salvador.","publisher":{"@id":"https:\/\/hotelesmariaisabel.com\/#organization"},"alternateName":"HMI","potentialAction":[{"@type":"SearchAction","target":{"@type":"EntryPoint","urlTemplate":"https:\/\/hotelesmariaisabel.com\/?s={search_term_string}"},"query-input":{"@type":"PropertyValueSpecification","valueRequired":true,"valueName":"search_term_string"}}],"inLanguage":"en-US"},{"@type":"Organization","@id":"https:\/\/hotelesmariaisabel.com\/#organization","name":"Hotel Maria Isabel","alternateName":"HMI","url":"https:\/\/hotelesmariaisabel.com\/","logo":{"@type":"ImageObject","inLanguage":"en-US","@id":"https:\/\/hotelesmariaisabel.com\/#\/schema\/logo\/image\/","url":"https:\/\/hotelesmariaisabel.com\/wp-content\/uploads\/2026\/04\/Logo-HMI-sin-Fondo.png","contentUrl":"https:\/\/hotelesmariaisabel.com\/wp-content\/uploads\/2026\/04\/Logo-HMI-sin-Fondo.png","width":1055,"height":681,"caption":"Hotel Mar\u00eda Isabel"},"image":{"@id":"https:\/\/hotelesmariaisabel.com\/#\/schema\/logo\/image\/"},"sameAs":["https:\/\/www.instagram.com\/mariaisabelhotelataco\/","https:\/\/wa.me\/50377695145","https:\/\/www.facebook.com\/MariaIsabelHotelBoutique\/","https:\/\/www.tiktok.com\/@hotel.maria.isabe0"]}]}},"_links":{"self":[{"href":"https:\/\/hotelesmariaisabel.com\/en\/wp-json\/wp\/v2\/pages\/16285","targetHints":{"allow":["GET"]}}],"collection":[{"href":"https:\/\/hotelesmariaisabel.com\/en\/wp-json\/wp\/v2\/pages"}],"about":[{"href":"https:\/\/hotelesmariaisabel.com\/en\/wp-json\/wp\/v2\/types\/page"}],"author":[{"embeddable":true,"href":"https:\/\/hotelesmariaisabel.com\/en\/wp-json\/wp\/v2\/users\/1"}],"replies":[{"embeddable":true,"href":"https:\/\/hotelesmariaisabel.com\/en\/wp-json\/wp\/v2\/comments?post=16285"}],"version-history":[{"count":69,"href":"https:\/\/hotelesmariaisabel.com\/en\/wp-json\/wp\/v2\/pages\/16285\/revisions"}],"predecessor-version":[{"id":18312,"href":"https:\/\/hotelesmariaisabel.com\/en\/wp-json\/wp\/v2\/pages\/16285\/revisions\/18312"}],"wp:attachment":[{"href":"https:\/\/hotelesmariaisabel.com\/en\/wp-json\/wp\/v2\/media?parent=16285"}],"curies":[{"name":"wp","href":"https:\/\/api.w.org\/{rel}","templated":true}]}}